{"id":3649,"date":"2020-03-17T10:52:18","date_gmt":"2020-03-17T09:52:18","guid":{"rendered":"https:\/\/tripilare.com\/it\/?page_id=3649"},"modified":"2020-07-13T15:57:44","modified_gmt":"2020-07-13T13:57:44","slug":"cosa-vedere-a-parigi-luoghi-da-visitare","status":"publish","type":"page","link":"https:\/\/tripilare.com\/it\/cosa-vedere-a-parigi-luoghi-da-visitare\/","title":{"rendered":"Cosa vedere a Parigi: citt\u00e0 e dintorni"},"content":{"rendered":"\n<p>Cosa vedere a Parigi  &#8211; Parigi \u00e8 la citt\u00e0 dell&#8217;amore ed una citt\u00e0 unica. Cosa vedere allora a Parigi?<\/p>\n\n\n\n<p>Leggi i seguenti post e non dimenticarti di iscriverti al nostro canale YouTube se non l&#8217;hai gi\u00e0 fatto! <strong><a rel=\"noreferrer noopener nofollow\" href=\"https:\/\/www.youtube.com\/channel\/UCDimiNPr-r9zpK847j0iyrg?sub_confirmation=1\" target=\"_blank\">Clicca qui per iscriverti!<\/a><\/strong> Potrai vedere i video dei luoghi migliori da potere visitare.<\/p>\n\n\n\n<h2 class=\"wp-block-heading\">La citt\u00e0 di Parigi<\/h2>\n\n\n\n<figure class=\"wp-block-gallery columns-3 is-cropped wp-block-gallery-1 is-layout-flex wp-block-gallery-is-layout-flex\"><ul class=\"blocks-gallery-grid\"><li class=\"blocks-gallery-item\"><figure><img loading=\"lazy\" decoding=\"async\" width=\"1024\" height=\"576\" src=\"https:\/\/tripilare.com\/wp-content\/uploads\/sites\/2\/2019\/10\/piazza-quartiere-artisti-parigi-monmatre-sacro-cuore-1024x576.jpg\" alt=\"Cosa vedere nella zona di Montmartre il quartiere degli artisti a Parigi piazza\" data-id=\"1980\" data-full-url=\"https:\/\/tripilare.com\/wp-content\/uploads\/sites\/2\/2019\/10\/piazza-quartiere-artisti-parigi-monmatre-sacro-cuore.jpg\" data-link=\"https:\/\/tripilare.com\/it\/cosa-vedere-nella-zona-di-montmartre-quartiere-degli-artisti-parigi\/piazza-quartiere-artisti-parigi-monmatre-sacro-cuore\/\" class=\"wp-image-1980\" title=\"\" srcset=\"https:\/\/tripilare.com\/it\/wp-content\/uploads\/sites\/2\/2019\/10\/piazza-quartiere-artisti-parigi-monmatre-sacro-cuore-1024x576.jpg 1024w, https:\/\/tripilare.com\/it\/wp-content\/uploads\/sites\/2\/2019\/10\/piazza-quartiere-artisti-parigi-monmatre-sacro-cuore-300x169.jpg 300w, https:\/\/tripilare.com\/it\/wp-content\/uploads\/sites\/2\/2019\/10\/piazza-quartiere-artisti-parigi-monmatre-sacro-cuore-768x432.jpg 768w\" sizes=\"auto, (max-width: 1024px) 100vw, 1024px\" \/><\/figure><\/li><li class=\"blocks-gallery-item\"><figure><img loading=\"lazy\" decoding=\"async\" width=\"1024\" height=\"576\" src=\"https:\/\/tripilare.com\/wp-content\/uploads\/sites\/2\/2019\/11\/Video-Torre-Eiffel-di-giorno-e-di-sera-illuminata-vista-dal-primo-e-secondo-piano-1024x576.jpg\" alt=\"Video Torre Eiffel di giorno e di sera illuminata vista dal primo e secondo piano\" data-id=\"2464\" data-full-url=\"https:\/\/tripilare.com\/wp-content\/uploads\/sites\/2\/2019\/11\/Video-Torre-Eiffel-di-giorno-e-di-sera-illuminata-vista-dal-primo-e-secondo-piano.jpg\" data-link=\"https:\/\/tripilare.com\/it\/video-torre-eiffel-di-giorno-sera-illuminata-vista-dal-primo-secondo-piano\/video-torre-eiffel-di-giorno-e-di-sera-illuminata-vista-dal-primo-e-secondo-piano\/\" class=\"wp-image-2464\" title=\"\" srcset=\"https:\/\/tripilare.com\/it\/wp-content\/uploads\/sites\/2\/2019\/11\/Video-Torre-Eiffel-di-giorno-e-di-sera-illuminata-vista-dal-primo-e-secondo-piano-1024x576.jpg 1024w, https:\/\/tripilare.com\/it\/wp-content\/uploads\/sites\/2\/2019\/11\/Video-Torre-Eiffel-di-giorno-e-di-sera-illuminata-vista-dal-primo-e-secondo-piano-300x169.jpg 300w, https:\/\/tripilare.com\/it\/wp-content\/uploads\/sites\/2\/2019\/11\/Video-Torre-Eiffel-di-giorno-e-di-sera-illuminata-vista-dal-primo-e-secondo-piano-768x432.jpg 768w, https:\/\/tripilare.com\/it\/wp-content\/uploads\/sites\/2\/2019\/11\/Video-Torre-Eiffel-di-giorno-e-di-sera-illuminata-vista-dal-primo-e-secondo-piano-1536x864.jpg 1536w, https:\/\/tripilare.com\/it\/wp-content\/uploads\/sites\/2\/2019\/11\/Video-Torre-Eiffel-di-giorno-e-di-sera-illuminata-vista-dal-primo-e-secondo-piano.jpg 1911w\" sizes=\"auto, (max-width: 1024px) 100vw, 1024px\" \/><\/figure><\/li><li class=\"blocks-gallery-item\"><figure><img loading=\"lazy\" decoding=\"async\" width=\"1024\" height=\"498\" src=\"https:\/\/tripilare.com\/wp-content\/uploads\/sites\/2\/2019\/09\/passeggiata-lungo-la-senna-al-tramonto-1024x498.jpg\" alt=\"passeggiata lungo la senna al tramonto\" data-id=\"1012\" data-full-url=\"https:\/\/tripilare.com\/wp-content\/uploads\/sites\/2\/2019\/09\/passeggiata-lungo-la-senna-al-tramonto.jpg\" data-link=\"https:\/\/tripilare.com\/it\/cosa-ce-da-vedere-vicino-alla-torre-eiffel\/passeggiata-lungo-la-senna-al-tramonto\/\" class=\"wp-image-1012\" title=\"\" srcset=\"https:\/\/tripilare.com\/it\/wp-content\/uploads\/sites\/2\/2019\/09\/passeggiata-lungo-la-senna-al-tramonto-1024x498.jpg 1024w, https:\/\/tripilare.com\/it\/wp-content\/uploads\/sites\/2\/2019\/09\/passeggiata-lungo-la-senna-al-tramonto-300x146.jpg 300w, https:\/\/tripilare.com\/it\/wp-content\/uploads\/sites\/2\/2019\/09\/passeggiata-lungo-la-senna-al-tramonto-768x373.jpg 768w\" sizes=\"auto, (max-width: 1024px) 100vw, 1024px\" \/><\/figure><\/li><\/ul><\/figure>\n\n\n\n<ul class=\"wp-block-list\"><li><a href=\"https:\/\/tripilare.com\/it\/video-dei-luoghi-che-ti-fanno-amare-parigi\/\" class=\"rank-math-link\">Video dei luoghi che ti fanno amare Parigi<\/a><\/li><li><a href=\"https:\/\/tripilare.com\/it\/cosa-vedere-nella-zona-di-montmartre-quartiere-degli-artisti-parigi\/\" class=\"rank-math-link\">Cosa vedere nella zona di Montmartre<\/a> e <a href=\"https:\/\/tripilare.com\/it\/cosa-vedere-nella-zona-di-montmartre-quartiere-degli-artisti-parigi\/\" class=\"rank-math-link\">Piazza degli artisti Parigi<\/a><\/li><li><a href=\"https:\/\/tripilare.com\/it\/meglio-salire-sulla-torre-eiffel-di-giorno-o-di-sera\/\" class=\"rank-math-link\">Meglio salire sulla Torre Eiffel di Giorno o di sera<\/a>?<\/li><li><a href=\"https:\/\/tripilare.com\/it\/cosa-vedere-a-parigi-visitare-in-3-giorni\/\" class=\"rank-math-link\">Parigi in 3 giorni<\/a>: <a href=\"https:\/\/tripilare.com\/it\/cosa-vedere-a-parigi-visitare-in-3-giorni\/\" class=\"rank-math-link\">Cosa vedere a Parigi<\/a>?<\/li><li><a href=\"https:\/\/tripilare.com\/it\/cosa-vedere-a-parigi-visitare-in-3-giorni\/\" class=\"rank-math-link\">Visitare Parigi in 4 giorni<\/a><\/li><li><a href=\"https:\/\/tripilare.com\/it\/cosa-ce-da-vedere-vicino-alla-torre-eiffel\/\" class=\"rank-math-link\">Cosa c&#8217;e da vedere vicino alla Torre Eiffel<\/a>?<\/li><li><a href=\"https:\/\/tripilare.com\/it\/migliore-vista-panoramica-di-parigi-dallalto-tour-montparnasse\/\" class=\"rank-math-link\">Parigi dall&#8217;alto<\/a>  <a href=\"https:\/\/tripilare.com\/it\/migliore-vista-panoramica-di-parigi-dallalto-tour-montparnasse\/\" class=\"rank-math-link\">Tour Montparnasse<\/a><\/li><li><a href=\"https:\/\/tripilare.com\/it\/parigi-citta-dell-amore-romantica\/\" class=\"rank-math-link\">Parigi citt\u00e0 dell&#8217;amore<\/a> e <a href=\"https:\/\/tripilare.com\/it\/parigi-citta-dell-amore-romantica\/\" class=\"rank-math-link\">Parigi romantica<\/a><\/li><\/ul>\n\n\n\n<h3 class=\"wp-block-heading\">Versailles<\/h3>\n\n\n\n<ul class=\"wp-block-list\"><li><a href=\"https:\/\/tripilare.com\/it\/video-camera-di-re-luigi-xvi-a-versailles\/\" class=\"rank-math-link\">Luigi xvi Versailles<\/a><\/li><li><a href=\"https:\/\/tripilare.com\/it\/reggia-di-versailles-maria-antonietta-camera\/\" class=\"rank-math-link\">Versailles Maria Antonietta<\/a>: <a href=\"https:\/\/tripilare.com\/it\/reggia-di-versailles-camera-della-regina-maria-antonietta\/\" class=\"rank-math-link\">Camera della Regina Maria Antonietta<\/a><\/li><\/ul>\n\n\n\n<h2 class=\"wp-block-heading\">Disneyland Paris<\/h2>\n\n\n\n<figure class=\"wp-block-gallery columns-3 is-cropped wp-block-gallery-2 is-layout-flex wp-block-gallery-is-layout-flex\"><ul class=\"blocks-gallery-grid\"><li class=\"blocks-gallery-item\"><figure><img loading=\"lazy\" decoding=\"async\" width=\"1024\" height=\"498\" src=\"https:\/\/tripilare.com\/wp-content\/uploads\/sites\/2\/2019\/12\/come-e-disneyland-paris-studios-walt-disney-studios-paris-1024x498.jpg\" alt=\"\" data-id=\"2603\" data-full-url=\"https:\/\/tripilare.com\/wp-content\/uploads\/sites\/2\/2019\/12\/come-e-disneyland-paris-studios-walt-disney-studios-paris-scaled.jpg\" data-link=\"https:\/\/tripilare.com\/it\/disneyland-paris-studios-come-il-parco\/come-e-disneyland-paris-studios-walt-disney-studios-paris\/\" class=\"wp-image-2603\" title=\"\" srcset=\"https:\/\/tripilare.com\/it\/wp-content\/uploads\/sites\/2\/2019\/12\/come-e-disneyland-paris-studios-walt-disney-studios-paris-1024x498.jpg 1024w, https:\/\/tripilare.com\/it\/wp-content\/uploads\/sites\/2\/2019\/12\/come-e-disneyland-paris-studios-walt-disney-studios-paris-300x146.jpg 300w, https:\/\/tripilare.com\/it\/wp-content\/uploads\/sites\/2\/2019\/12\/come-e-disneyland-paris-studios-walt-disney-studios-paris-768x373.jpg 768w, https:\/\/tripilare.com\/it\/wp-content\/uploads\/sites\/2\/2019\/12\/come-e-disneyland-paris-studios-walt-disney-studios-paris-1536x747.jpg 1536w, https:\/\/tripilare.com\/it\/wp-content\/uploads\/sites\/2\/2019\/12\/come-e-disneyland-paris-studios-walt-disney-studios-paris-2048x996.jpg 2048w\" sizes=\"auto, (max-width: 1024px) 100vw, 1024px\" \/><\/figure><\/li><li class=\"blocks-gallery-item\"><figure><img loading=\"lazy\" decoding=\"async\" width=\"1024\" height=\"498\" src=\"https:\/\/tripilare.com\/wp-content\/uploads\/sites\/2\/2019\/10\/Video-Big-Thunder-Mountain-montagna-russa-a-Disneyland-Paris-1024x498.jpg\" alt=\"Video Big Thunder Mountain montagna russa a Disneyland Paris\" data-id=\"1734\" data-full-url=\"https:\/\/tripilare.com\/wp-content\/uploads\/sites\/2\/2019\/10\/Video-Big-Thunder-Mountain-montagna-russa-a-Disneyland-Paris.jpg\" data-link=\"https:\/\/tripilare.com\/it\/video-big-thunder-mountain-montagna-russa-a-disneyland-paris\/video-big-thunder-mountain-montagna-russa-a-disneyland-paris-2\/\" class=\"wp-image-1734\" title=\"\" srcset=\"https:\/\/tripilare.com\/it\/wp-content\/uploads\/sites\/2\/2019\/10\/Video-Big-Thunder-Mountain-montagna-russa-a-Disneyland-Paris-1024x498.jpg 1024w, https:\/\/tripilare.com\/it\/wp-content\/uploads\/sites\/2\/2019\/10\/Video-Big-Thunder-Mountain-montagna-russa-a-Disneyland-Paris-300x146.jpg 300w, https:\/\/tripilare.com\/it\/wp-content\/uploads\/sites\/2\/2019\/10\/Video-Big-Thunder-Mountain-montagna-russa-a-Disneyland-Paris-768x373.jpg 768w\" sizes=\"auto, (max-width: 1024px) 100vw, 1024px\" \/><\/figure><\/li><li class=\"blocks-gallery-item\"><figure><img loading=\"lazy\" decoding=\"async\" width=\"1024\" height=\"498\" src=\"https:\/\/tripilare.com\/wp-content\/uploads\/sites\/2\/2019\/09\/nave-pirata-disneyland-paris-1024x498.jpg\" alt=\"nave pirata disneyland paris\" data-id=\"1578\" data-full-url=\"https:\/\/tripilare.com\/wp-content\/uploads\/sites\/2\/2019\/09\/nave-pirata-disneyland-paris.jpg\" data-link=\"https:\/\/tripilare.com\/it\/video-nave-dei-pirati-disneyland-montagna-forma-teschio\/nave-pirata-disneyland-paris\/\" class=\"wp-image-1578\" title=\"\" srcset=\"https:\/\/tripilare.com\/it\/wp-content\/uploads\/sites\/2\/2019\/09\/nave-pirata-disneyland-paris-1024x498.jpg 1024w, https:\/\/tripilare.com\/it\/wp-content\/uploads\/sites\/2\/2019\/09\/nave-pirata-disneyland-paris-300x146.jpg 300w, https:\/\/tripilare.com\/it\/wp-content\/uploads\/sites\/2\/2019\/09\/nave-pirata-disneyland-paris-768x373.jpg 768w\" sizes=\"auto, (max-width: 1024px) 100vw, 1024px\" \/><\/figure><\/li><li class=\"blocks-gallery-item\"><figure><img loading=\"lazy\" decoding=\"async\" width=\"1024\" height=\"604\" src=\"https:\/\/tripilare.com\/wp-content\/uploads\/sites\/2\/2020\/03\/Castello-Disneyland-Paris-e-la-fiaba-della-Bella-Addormentata-1024x604.png\" alt=\"Castello Disneyland Paris e la fiaba della Bella Addormentata\" data-id=\"3394\" data-full-url=\"https:\/\/tripilare.com\/wp-content\/uploads\/sites\/2\/2020\/03\/Castello-Disneyland-Paris-e-la-fiaba-della-Bella-Addormentata.png\" data-link=\"https:\/\/tripilare.com\/it\/castello-disneyland-paris-bella-addormentata\/castello-disneyland-paris-e-la-fiaba-della-bella-addormentata\/\" class=\"wp-image-3394\" title=\"\" srcset=\"https:\/\/tripilare.com\/it\/wp-content\/uploads\/sites\/2\/2020\/03\/Castello-Disneyland-Paris-e-la-fiaba-della-Bella-Addormentata-1024x604.png 1024w, https:\/\/tripilare.com\/it\/wp-content\/uploads\/sites\/2\/2020\/03\/Castello-Disneyland-Paris-e-la-fiaba-della-Bella-Addormentata-300x177.png 300w, https:\/\/tripilare.com\/it\/wp-content\/uploads\/sites\/2\/2020\/03\/Castello-Disneyland-Paris-e-la-fiaba-della-Bella-Addormentata-768x453.png 768w, https:\/\/tripilare.com\/it\/wp-content\/uploads\/sites\/2\/2020\/03\/Castello-Disneyland-Paris-e-la-fiaba-della-Bella-Addormentata-1536x907.png 1536w, https:\/\/tripilare.com\/it\/wp-content\/uploads\/sites\/2\/2020\/03\/Castello-Disneyland-Paris-e-la-fiaba-della-Bella-Addormentata.png 1882w\" sizes=\"auto, (max-width: 1024px) 100vw, 1024px\" \/><\/figure><\/li><\/ul><\/figure>\n\n\n\n<h3 class=\"wp-block-heading\">Suggerimenti utili<\/h3>\n\n\n\n<ul class=\"wp-block-list\"><li><a href=\"https:\/\/tripilare.com\/it\/come-arrivare-a-disneyland-paris\/\">Come arrivare a Disneyland Paris<\/a><\/li><li><a class=\"rank-math-link rank-math-link\" href=\"https:\/\/tripilare.com\/it\/fast-pass-disneyland-paris\/\">Fast Pass a Disneyland Paris <\/a><\/li><li>2 <a class=\"rank-math-link rank-math-link\" href=\"https:\/\/tripilare.com\/it\/fast-pass-disneyland-paris\/\">Parchi Disneyland Paris<\/a>: <a class=\"rank-math-link rank-math-link\" href=\"https:\/\/tripilare.com\/it\/fast-pass-disneyland-paris\/\">Disneyland Park o Walt Disney Studios<\/a>?<\/li><li><a class=\"rank-math-link rank-math-link\" href=\"https:\/\/tripilare.com\/it\/fast-pass-disneyland-paris\/\">Come organizzare la visita a Disneyland Paris<\/a><\/li><li><a class=\"rank-math-link rank-math-link\" href=\"https:\/\/tripilare.com\/it\/fast-pass-disneyland-paris\/\">Hotel dentro o fuori Disneyland Paris<\/a><\/li><li><a class=\"rank-math-link rank-math-link\" href=\"https:\/\/tripilare.com\/it\/fast-pass-disneyland-paris\/\">Cosa fare a Disneyland Paris quando affollato<\/a><\/li><li><a class=\"rank-math-link rank-math-link\" href=\"https:\/\/tripilare.com\/it\/fast-pass-disneyland-paris\/\">Deposito bagagli a Disneyland Paris<\/a><\/li><\/ul>\n\n\n\n<h3 class=\"wp-block-heading\">Il castello<\/h3>\n\n\n\n<ul class=\"wp-block-list\"><li><a href=\"https:\/\/tripilare.com\/it\/castello-disneyland-paris-bella-addormentata\/\" class=\"rank-math-link\">Castello Disneyland<\/a>: <a href=\"https:\/\/tripilare.com\/it\/castello-disneyland-paris-bella-addormentata\/\" class=\"rank-math-link\">Castello della bella addormentata a Disneyland Paris<\/a>. Il castello all&#8217;esterno, l&#8217;interno, il drago e gli spettacoli.<\/li><li><a href=\"https:\/\/tripilare.com\/it\/castello-disneyland-paris-interno-principesse\/\" class=\"rank-math-link\">Castello Disneyland Paris Interno <\/a><\/li><li><a href=\"https:\/\/tripilare.com\/it\/video-spettacoli-giochi-dacqua-di-luce-e-fuochi-dartificio-al-castello-bella-addormentata-disneyland-paris\/\" class=\"rank-math-link\">Castello Disneyland Paris<\/a>: Spettacoli al castello<\/li><li><a href=\"https:\/\/tripilare.com\/it\/video-della-tana-e-grotta-del-drago-disneyland-paris\/\" class=\"rank-math-link\">Drago castello Disneyland <\/a><\/li><li><a href=\"https:\/\/tripilare.com\/it\/disneyland-paris-tutte-le-principesse-disney\/\" class=\"rank-math-link\">Principesse Disney<\/a><\/li><\/ul>\n\n\n\n<h3 class=\"wp-block-heading\">Aree Tematiche<\/h3>\n\n\n\n<ul class=\"wp-block-list\"><li><a href=\"https:\/\/tripilare.com\/it\/disneyland-paris-studios-come-il-parco\/\">Disneyland Studios: com&#8217;\u00e8 il parco<\/a> <\/li><li><a href=\"https:\/\/tripilare.com\/it\/video-area-discoveryland-disneyland-paris\/\" class=\"rank-math-link\">Area Discoveryland a Disneyland Paris<\/a><\/li><\/ul>\n\n\n\n<h3 class=\"wp-block-heading\">Attrazioni<\/h3>\n\n\n\n<ul class=\"wp-block-list\"><li><a href=\"https:\/\/tripilare.com\/it\/video-montagna-russa-di-indiana-jones-a-disneyland-paris\/\" class=\"rank-math-link\">Video montagna russa di Indiana Jones a Disneyland Paris<\/a><\/li><li><a href=\"https:\/\/tripilare.com\/it\/video-big-thunder-mountain-montagna-russa-a-disneyland-paris\/\" class=\"rank-math-link\">Video Big Thunder Mountain &#8211; montagna russa a Disneyland Paris\/<\/a><\/li><li><a href=\"https:\/\/tripilare.com\/it\/video-fortino-a-frontierland-disneyland-paris\/\" class=\"rank-math-link\">Video fortino a Frontierland<\/a><\/li><li><a href=\"https:\/\/tripilare.com\/it\/eurodisney-montagne-russe-disneyland-paris\/\" class=\"rank-math-link\">Montagne Russe Disneyland Paris<\/a><\/li><\/ul>\n","protected":false},"excerpt":{"rendered":"<p>Cosa vedere a Parigi &#8211; Parigi \u00e8 la citt\u00e0 dell&#8217;amore ed una citt\u00e0 unica. Cosa vedere allora a Parigi? Leggi i seguenti post e non dimenticarti di iscriverti al nostro canale YouTube se non l&#8217;hai gi\u00e0 fatto! Clicca qui per iscriverti! Potrai vedere i video dei luoghi migliori da potere visitare. La citt\u00e0 di Parigi [&hellip;]<\/p>\n","protected":false},"author":1,"featured_media":0,"parent":0,"menu_order":0,"comment_status":"closed","ping_status":"closed","template":"","meta":{"site-sidebar-layout":"default","site-content-layout":"","ast-site-content-layout":"default","site-content-style":"default","site-sidebar-style":"default","ast-global-header-display":"","ast-banner-title-visibility":"","ast-main-header-display":"","ast-hfb-above-header-display":"","ast-hfb-below-header-display":"","ast-hfb-mobile-header-display":"","site-post-title":"","ast-breadcrumbs-content":"","ast-featured-img":"","footer-sml-layout":"","ast-disable-related-posts":"","theme-transparent-header-meta":"","adv-header-id-meta":"","stick-header-meta":"","header-above-stick-meta":"","header-main-stick-meta":"","header-below-stick-meta":"","astra-migrate-meta-layouts":"default","ast-page-background-enabled":"default","ast-page-background-meta":{"desktop":{"background-color":"var(--ast-global-color-4)","background-image":"","background-repeat":"repeat","background-position":"center center","background-size":"auto","background-attachment":"scroll","background-type":"","background-media":"","overlay-type":"","overlay-color":"","overlay-opacity":"","overlay-gradient":""},"tablet":{"background-color":"","background-image":"","background-repeat":"repeat","background-position":"center center","background-size":"auto","background-attachment":"scroll","background-type":"","background-media":"","overlay-type":"","overlay-color":"","overlay-opacity":"","overlay-gradient":""},"mobile":{"background-color":"","background-image":"","background-repeat":"repeat","background-position":"center center","background-size":"auto","background-attachment":"scroll","background-type":"","background-media":"","overlay-type":"","overlay-color":"","overlay-opacity":"","overlay-gradient":""}},"ast-content-background-meta":{"desktop":{"background-color":"var(--ast-global-color-5)","background-image":"","background-repeat":"repeat","background-position":"center center","background-size":"auto","background-attachment":"scroll","background-type":"","background-media":"","overlay-type":"","overlay-color":"","overlay-opacity":"","overlay-gradient":""},"tablet":{"background-color":"var(--ast-global-color-5)","background-image":"","background-repeat":"repeat","background-position":"center center","background-size":"auto","background-attachment":"scroll","background-type":"","background-media":"","overlay-type":"","overlay-color":"","overlay-opacity":"","overlay-gradient":""},"mobile":{"background-color":"var(--ast-global-color-5)","background-image":"","background-repeat":"repeat","background-position":"center center","background-size":"auto","background-attachment":"scroll","background-type":"","background-media":"","overlay-type":"","overlay-color":"","overlay-opacity":"","overlay-gradient":""}},"footnotes":""},"class_list":["post-3649","page","type-page","status-publish","hentry"],"amp_enabled":true,"_links":{"self":[{"href":"https:\/\/tripilare.com\/it\/wp-json\/wp\/v2\/pages\/3649","targetHints":{"allow":["GET"]}}],"collection":[{"href":"https:\/\/tripilare.com\/it\/wp-json\/wp\/v2\/pages"}],"about":[{"href":"https:\/\/tripilare.com\/it\/wp-json\/wp\/v2\/types\/page"}],"author":[{"embeddable":true,"href":"https:\/\/tripilare.com\/it\/wp-json\/wp\/v2\/users\/1"}],"replies":[{"embeddable":true,"href":"https:\/\/tripilare.com\/it\/wp-json\/wp\/v2\/comments?post=3649"}],"version-history":[{"count":1,"href":"https:\/\/tripilare.com\/it\/wp-json\/wp\/v2\/pages\/3649\/revisions"}],"predecessor-version":[{"id":24297,"href":"https:\/\/tripilare.com\/it\/wp-json\/wp\/v2\/pages\/3649\/revisions\/24297"}],"wp:attachment":[{"href":"https:\/\/tripilare.com\/it\/wp-json\/wp\/v2\/media?parent=3649"}],"curies":[{"name":"wp","href":"https:\/\/api.w.org\/{rel}","templated":true}]}}