{"id":3,"date":"2019-05-21T12:19:02","date_gmt":"2019-05-21T10:19:02","guid":{"rendered":"https:\/\/tripilare.com\/it\/?page_id=3"},"modified":"2025-01-15T14:06:34","modified_gmt":"2025-01-15T13:06:34","slug":"privacy-policy","status":"publish","type":"page","link":"https:\/\/tripilare.com\/it\/privacy-policy\/","title":{"rendered":"Privacy Policy"},"content":{"rendered":"\n<h2 class=\"wp-block-heading\"><strong>UTILIZZO DEI DATI DELL\u2019UTENTE<\/strong><\/h2>\n\n\n\n<p><strong>informativa <em>ex<\/em> art. 13 del Regolamento Europeo 679\/2016 (GDPR)<\/strong><\/p>\n\n\n\n<p>Gentile <strong>Utente <\/strong>(di seguito \u201c<strong>Interessato<\/strong>\u201d),<\/p>\n\n\n\n<p>con la presente informativa desideriamo informarLa in ordine al trattamento dei Suoi dati personali. La presente informativa potr\u00e0 subire modifiche e\/o integrazioni anche quale conseguenza dell\u2019aggiornamento della normativa applicabile.<\/p>\n\n\n\n<ol class=\"wp-block-list\">\n<li><strong>TIPOLOGIE DI DATI PERSONALI TRATTATI. <\/strong><strong>FINALIT\u00c0 E BASE GIURIDICA DEL TRATTAMENTO.<\/strong><\/li>\n<\/ol>\n\n\n\n<p>Il Titolare raccoglie e tratta dati personali idonei a identificarla direttamente o indirettamente, quali, a titolo esemplificativo, dati anagrafici, dati di contatto, dati economici e bancari. Il Titolare raccoglie e tratta tali dati per le seguenti finalit\u00e0:<\/p>\n\n\n\n<ul class=\"wp-block-list\">\n<li>gestione della navigazione sul sito, anche tramite cookie. Per maggiori informazioni sui cookie, Ti invitiamo a leggere la specifica <a href=\"https:\/\/www.naima.it\/it\/cookie-policy\" rel=\"nofollow noopener\" target=\"_blank\">cookie policy<\/a> sul sito (\u201c<strong>finalit\u00e0 di gestione del sito<\/strong>\u201d);<\/li>\n\n\n\n<li>gestione delle richieste ricevute attraverso i contatti presenti sul nostro sito internet, anche al fine della instaurazione e gestione rapporto contrattuale e di tutti gli adempimenti ad esso connessi (\u201c<strong>finalit\u00e0 contrattuali<\/strong>\u201d);<\/li>\n\n\n\n<li>adempimento degli obblighi derivanti da leggi, regolamenti, a disposizioni impartite da autorit\u00e0 a ci\u00f2 legittimate o da organi di vigilanza e controllo (\u201c<strong>finalit\u00e0 legali<\/strong>\u201d).<\/li>\n<\/ul>\n\n\n\n<p>Le basi giuridiche che rendono lecito il trattamento dei dati sono costituite:<\/p>\n\n\n\n<ul class=\"wp-block-list\">\n<li>per tutti i cookie non tecnici e analitycs non aggregati, il Suo consenso (art. 6, n. 1 lett. A, GDPR), segnalabile attraverso il banner cookie al primo accesso sul sito o \u2013 successivamente \u2013 dalla cookie policy stessa.<\/li>\n\n\n\n<li>per le finalit\u00e0 contrattuali, dalla necessit\u00e0 di garantire la corretta gestione ed esecuzione del rapporto precontrattuale e contrattuale (art. 6, par. 1 lett. B, GDPR), e quindi non \u00e8 necessario ricevere il Suo esplicito consenso;<\/li>\n\n\n\n<li>per le finalit\u00e0 legali, dalla necessit\u00e0 di garantire l\u2019adempimento degli obblighi previsti dalla legislazione nazionale e sovranazionale (art. 6, par. 1 lett. C, GDPR), e quindi non \u00e8 necessario ricevere il Suo esplicito consenso.<\/li>\n\n\n\n<li><strong>MODALIT\u00c0 DEL TRATTAMENTO DEI DATI.<\/strong><\/li>\n<\/ul>\n\n\n\n<p>I dati saranno trattati sia con l\u2019utilizzo di strumenti manuali che informatici (quali, a titolo esemplificativo, dispositivi informatici aziendali, rete internet ed intranet, software gestionali, posta elettronica aziendale, sistemi di controllo degli accessi, ecc.) con modalit\u00e0 e strumenti adeguati a garantire la massima sicurezza.<\/p>\n\n\n\n<p>I trattamenti saranno improntati ai principi di correttezza, liceit\u00e0, trasparenza, necessit\u00e0 e in modo da tutelare la riservatezza dei dati. I dati non saranno soggetti ad alcun processo decisionale automatizzato.<\/p>\n\n\n\n<ul class=\"wp-block-list\">\n<li><strong>PERIODO DI CONSERVAZIONE.<\/strong><\/li>\n<\/ul>\n\n\n\n<p>Il Titolare tratterr\u00e0 e conserver\u00e0 i dati raccolti per la gestione del sito nei modi meglio definiti nella cookie policy, qui presente.<\/p>\n\n\n\n<p>Il Titolare tratterr\u00e0 i dati raccolti per le finalit\u00e0 contrattuali e legali durante tutto il rapporto ed essi verranno conservati anche dopo la cessazione del rapporto eventualmente instaurato per il periodo prescritto dalla normativa di riferimento, quale, ad esempio, la normativa fiscale vigente, e secondo il termine di prescrizione dei singoli diritti scaturenti dal rapporto contrattuale, fatti salvi i termini prescrizionali e\/o di legge per l\u2019esercizio e\/o la difesa dei diritti del Titolare.<\/p>\n\n\n\n<p>Qualora richieste e messaggi inviati attraverso i contatti presenti sul sito non conducessero alla conclusione di un successivo contratto, i dati personali da quelli raccolti verranno eliminati nel termine massimo di 2 anni.<\/p>\n\n\n\n<ul class=\"wp-block-list\">\n<li><strong>SOGGETTI CHE TRATTANO I DATI. DESTINATARI DEI DATI PERSONALI.<\/strong><\/li>\n<\/ul>\n\n\n\n<p>Il personale autorizzato del Titolare \u00e8 responsabile dell&#8217;esecuzione del trattamento in base alle rispettive mansioni, mentre i Responsabili del trattamento designati per iscritto svolgono la stessa funzione all&#8217;interno delle rispettive responsabilit\u00e0. Il trattamento avviene in conformit\u00e0 alle istruzioni fornite dal Titolare, assicurando l&#8217;adozione di adeguate misure di sicurezza per la protezione dei dati trattati e garantendone la riservatezza. La lista completa dei Responsabili del trattamento \u00e8 disponibile su richiesta.<\/p>\n\n\n\n<p>I dati, inoltre, potrebbero essere comunicati soggetti terzi laddove tale comunicazione dei dati risulti necessaria per il compimento delle finalit\u00e0 pi\u00f9 sopra descritte.<\/p>\n\n\n\n<ul class=\"wp-block-list\">\n<li><strong>TRASFERIMENTO DEI DATI VERSO PAESI EXTRA UE.<\/strong><\/li>\n<\/ul>\n\n\n\n<p>I dati raccolti non verranno trasferiti verso Paesi terzi o organizzazioni internazionali.<\/p>\n\n\n\n<ul class=\"wp-block-list\">\n<li><strong>NATURA DEL CONFERIMENTO DEI DATI.<\/strong><\/li>\n<\/ul>\n\n\n\n<p>Il conferimento dei dati personali \u00e8 necessario per poter adempiere agli obblighi legali e contrattuali e, pertanto, l&#8217;eventuale rifiuto a fornirli in tutto o in parte pu\u00f2 dar luogo all&#8217;impossibilit\u00e0 per il Titolare di dare esecuzione alle richieste ricevute, agli eventuali contratti da esse scaturenti, nonch\u00e9 agli obblighi legali conseguenti.<\/p>\n\n\n\n<ul class=\"wp-block-list\">\n<li><strong>DIRITTI DELL\u2019INTERESSATO.<\/strong><\/li>\n<\/ul>\n\n\n\n<p>La informiamo che, nella Sua qualit\u00e0 di interessato, ha facolt\u00e0 di esercitare i diritti di cui agli artt. 15 e ss. del GDPR, che potr\u00e0 far valere rivolgendo apposita richiesta al Titolare del trattamento, tra cui quello di ottenere dal Titolare una conferma circa l\u2019esistenza di propri dati personali, la loro messa a disposizione in forma intelligibile, la rettifica o l\u2019aggiornamento degli stessi, come anche la loro cancellazione, o di limitarne in tutto o in parte il trattamento, e di opporsi per motivi legittimi al medesimo. Lei ha altres\u00ec il diritto di chiedere la trasformazione in forma anonima, la limitazione o il blocco dei dati trattati in violazione della legge.<\/p>\n\n\n\n<p>Infine, nel caso in cui Lei ritenga che il trattamento che lo riguarda violi il GDPR, quest\u2019ultimo ha diritto di proporre reclamo al Garante per la protezione dei dati personali ex art. 77 GDPR, oppure adire le opportune sedi giudiziarie.<\/p>\n\n\n\n<p>Si precisa che il Garante per la protezione dei dati personali ha sede a Roma, piazza Monte Citorio n. 121; Fax: (+39) 06.69677.3785 Centralino telefonico: (+39) 06.696771; e-mail: <a href=\"mailto:garante@gpdp.it\">garante@gpdp.it<\/a>; posta elettronica certificata: <a href=\"mailto:protocollo@pec.gpdp.it\">protocollo@pec.gpdp.it<\/a>.<\/p>\n\n\n\n<ul class=\"wp-block-list\">\n<li><strong>IDENTIT\u00c0 E DATI DI CONTATTO DEL TITOLARE.<\/strong><\/li>\n<\/ul>\n\n\n\n<p>Il Titolare del trattamento dei dati \u00e8 <strong>Comwave S.r.l.<\/strong>, con sede in Crema in piazza Carlo Manziana 16 26013 Crema, C.F. e P.IVA <strong><strong>01530910197<\/strong><\/strong>, tel. <strong><strong>0373\/386232<\/strong><\/strong>, e-mail <strong><strong>info@comwave.it<\/strong><\/strong>, PEC <strong>comwave@pec.it<\/strong>.<\/p>\n\n\n\n<h3 class=\"wp-block-heading\">Affiliazione Amazon<\/h3>\n\n\n\n<p>In qualit\u00e0 di Affiliato Amazon io ricevo un guadagno dagli acquisti idonei<\/p>\n","protected":false},"excerpt":{"rendered":"<p>UTILIZZO DEI DATI DELL\u2019UTENTE informativa ex art. 13 del Regolamento Europeo 679\/2016 (GDPR) Gentile Utente (di seguito \u201cInteressato\u201d), con la presente informativa desideriamo informarLa in ordine al trattamento dei Suoi dati personali. La presente informativa potr\u00e0 subire modifiche e\/o integrazioni anche quale conseguenza dell\u2019aggiornamento della normativa applicabile. Il Titolare raccoglie e tratta dati personali idonei [&hellip;]<\/p>\n","protected":false},"author":1,"featured_media":0,"parent":0,"menu_order":0,"comment_status":"closed","ping_status":"open","template":"","meta":{"site-sidebar-layout":"default","site-content-layout":"","ast-site-content-layout":"default","site-content-style":"default","site-sidebar-style":"default","ast-global-header-display":"","ast-banner-title-visibility":"","ast-main-header-display":"","ast-hfb-above-header-display":"","ast-hfb-below-header-display":"","ast-hfb-mobile-header-display":"","site-post-title":"","ast-breadcrumbs-content":"","ast-featured-img":"","footer-sml-layout":"","ast-disable-related-posts":"","theme-transparent-header-meta":"","adv-header-id-meta":"","stick-header-meta":"","header-above-stick-meta":"","header-main-stick-meta":"","header-below-stick-meta":"","astra-migrate-meta-layouts":"set","ast-page-background-enabled":"default","ast-page-background-meta":{"desktop":{"background-color":"var(--ast-global-color-4)","background-image":"","background-repeat":"repeat","background-position":"center center","background-size":"auto","background-attachment":"scroll","background-type":"","background-media":"","overlay-type":"","overlay-color":"","overlay-opacity":"","overlay-gradient":""},"tablet":{"background-color":"","background-image":"","background-repeat":"repeat","background-position":"center center","background-size":"auto","background-attachment":"scroll","background-type":"","background-media":"","overlay-type":"","overlay-color":"","overlay-opacity":"","overlay-gradient":""},"mobile":{"background-color":"","background-image":"","background-repeat":"repeat","background-position":"center center","background-size":"auto","background-attachment":"scroll","background-type":"","background-media":"","overlay-type":"","overlay-color":"","overlay-opacity":"","overlay-gradient":""}},"ast-content-background-meta":{"desktop":{"background-color":"var(--ast-global-color-5)","background-image":"","background-repeat":"repeat","background-position":"center center","background-size":"auto","background-attachment":"scroll","background-type":"","background-media":"","overlay-type":"","overlay-color":"","overlay-opacity":"","overlay-gradient":""},"tablet":{"background-color":"var(--ast-global-color-5)","background-image":"","background-repeat":"repeat","background-position":"center center","background-size":"auto","background-attachment":"scroll","background-type":"","background-media":"","overlay-type":"","overlay-color":"","overlay-opacity":"","overlay-gradient":""},"mobile":{"background-color":"var(--ast-global-color-5)","background-image":"","background-repeat":"repeat","background-position":"center center","background-size":"auto","background-attachment":"scroll","background-type":"","background-media":"","overlay-type":"","overlay-color":"","overlay-opacity":"","overlay-gradient":""}},"footnotes":""},"class_list":["post-3","page","type-page","status-publish","hentry"],"amp_enabled":true,"_links":{"self":[{"href":"https:\/\/tripilare.com\/it\/wp-json\/wp\/v2\/pages\/3","targetHints":{"allow":["GET"]}}],"collection":[{"href":"https:\/\/tripilare.com\/it\/wp-json\/wp\/v2\/pages"}],"about":[{"href":"https:\/\/tripilare.com\/it\/wp-json\/wp\/v2\/types\/page"}],"author":[{"embeddable":true,"href":"https:\/\/tripilare.com\/it\/wp-json\/wp\/v2\/users\/1"}],"replies":[{"embeddable":true,"href":"https:\/\/tripilare.com\/it\/wp-json\/wp\/v2\/comments?post=3"}],"version-history":[{"count":4,"href":"https:\/\/tripilare.com\/it\/wp-json\/wp\/v2\/pages\/3\/revisions"}],"predecessor-version":[{"id":21992,"href":"https:\/\/tripilare.com\/it\/wp-json\/wp\/v2\/pages\/3\/revisions\/21992"}],"wp:attachment":[{"href":"https:\/\/tripilare.com\/it\/wp-json\/wp\/v2\/media?parent=3"}],"curies":[{"name":"wp","href":"https:\/\/api.w.org\/{rel}","templated":true}]}}